{"id":49,"date":"2026-04-11T11:50:57","date_gmt":"2026-04-11T11:50:57","guid":{"rendered":"https:\/\/premium-transport.fr\/?page_id=49"},"modified":"2026-04-15T21:55:24","modified_gmt":"2026-04-15T19:55:24","slug":"livraison-commerce-tertiaire","status":"publish","type":"page","link":"https:\/\/premium-transport.fr\/index.php\/livraison-commerce-tertiaire\/","title":{"rendered":"Commerce &amp; Tertiaire"},"content":{"rendered":"\t\t<div data-elementor-type=\"wp-page\" data-elementor-id=\"49\" class=\"elementor elementor-49\">\n\t\t\t\t<div class=\"elementor-element elementor-element-5b17b28 e-flex e-con-boxed e-con e-parent\" data-id=\"5b17b28\" data-element_type=\"container\" data-e-type=\"container\">\n\t\t\t\t\t<div class=\"e-con-inner\">\n\t\t<div class=\"elementor-element elementor-element-1acafb5 e-con-full e-flex e-con e-child\" data-id=\"1acafb5\" data-element_type=\"container\" data-e-type=\"container\">\n\t\t\t\t<div class=\"elementor-element elementor-element-9b31582 elementor-widget elementor-widget-text-editor\" data-id=\"9b31582\" data-element_type=\"widget\" data-e-type=\"widget\" data-widget_type=\"text-editor.default\">\n\t\t\t\t\t\t\t\t\t<p data-start=\"89\" data-end=\"388\">Nous proposons des solutions de <span style=\"color: #000000;\">livraison pour le commerce et le tertiaire<\/span> adapt\u00e9es aux besoins des entreprises, des administrations et des professionnels des services. Gr\u00e2ce \u00e0 une organisation flexible et r\u00e9active, nous assurons un transport fiable pour accompagner votre activit\u00e9 au quotidien.<\/p><p data-start=\"390\" data-end=\"682\">Notre service de livraison\u00a0couvre l\u2019ensemble de vos besoins logistiques, que ce soit pour des envois ponctuels ou des tourn\u00e9es r\u00e9guli\u00e8res. Nous mettons un point d\u2019honneur \u00e0 garantir des d\u00e9lais respect\u00e9s, une tra\u00e7abilit\u00e9 optimale et une qualit\u00e9 de service irr\u00e9prochable.<\/p><p data-start=\"684\" data-end=\"710\"><strong><span style=\"color: #00587d;\">Nos prestations incluent :<\/span><\/strong><\/p><p>Le transport du dernier kilom\u00e8tre, id\u00e9al pour assurer la livraison rapide jusqu\u2019au client final<br \/>Le transport r\u00e9gulier ou planifi\u00e9, pour s\u00e9curiser vos flux logistiques sur le long terme<br \/>Les livraisons pour professionnels et particuliers, avec une grande flexibilit\u00e9 d\u2019intervention<\/p><p data-start=\"1005\" data-end=\"1337\">Nous accompagnons les entreprises dans l\u2019optimisation de leur logistique, en proposant des solutions sur mesure adapt\u00e9es \u00e0 leurs contraintes et \u00e0 leur volume d\u2019activit\u00e9. Que vous ayez besoin d\u2019une livraison urgente ou d\u2019une organisation logistique compl\u00e8te, notre \u00e9quipe s\u2019adapte \u00e0 vos exigences.<\/p>\t\t\t\t\t\t\t\t<\/div>\n\t\t\t\t<div class=\"elementor-element elementor-element-e52cd36 elementor-widget elementor-widget-text-editor\" data-id=\"e52cd36\" data-element_type=\"widget\" data-e-type=\"widget\" data-widget_type=\"text-editor.default\">\n\t\t\t\t\t\t\t\t\t<p style=\"text-align: center;\"><em><strong><span class=\"a_GcMg font-feature-liga-off font-feature-clig-off font-feature-calt-off text-decoration-none text-strikethrough-none\" style=\"color: #00587d;\">Un service flexible pour accompagner votre activit\u00e9 au quotidien.<\/span><\/strong><\/em><\/p>\t\t\t\t\t\t\t\t<\/div>\n\t\t\t\t<\/div>\n\t\t<div class=\"elementor-element elementor-element-ffc0667 e-con-full e-flex e-con e-child\" data-id=\"ffc0667\" data-element_type=\"container\" data-e-type=\"container\">\n\t\t\t\t<div class=\"elementor-element elementor-element-6bc48f0 elementor-widget elementor-widget-image\" data-id=\"6bc48f0\" data-element_type=\"widget\" data-e-type=\"widget\" data-widget_type=\"image.default\">\n\t\t\t\t\t\t\t\t\t\t\t\t\t\t\t<img fetchpriority=\"high\" decoding=\"async\" width=\"1536\" height=\"1024\" src=\"https:\/\/premium-transport.fr\/wp-content\/uploads\/2026\/04\/f8cd5c27-f31c-487b-8234-61acdb3895e6.png\" class=\"attachment-full size-full wp-image-247\" alt=\"\" srcset=\"https:\/\/premium-transport.fr\/wp-content\/uploads\/2026\/04\/f8cd5c27-f31c-487b-8234-61acdb3895e6.png 1536w, https:\/\/premium-transport.fr\/wp-content\/uploads\/2026\/04\/f8cd5c27-f31c-487b-8234-61acdb3895e6-300x200.png 300w, https:\/\/premium-transport.fr\/wp-content\/uploads\/2026\/04\/f8cd5c27-f31c-487b-8234-61acdb3895e6-1024x683.png 1024w, https:\/\/premium-transport.fr\/wp-content\/uploads\/2026\/04\/f8cd5c27-f31c-487b-8234-61acdb3895e6-768x512.png 768w\" sizes=\"(max-width: 1536px) 100vw, 1536px\" \/>\t\t\t\t\t\t\t\t\t\t\t\t\t\t\t<\/div>\n\t\t\t\t<\/div>\n\t\t<div class=\"elementor-element elementor-element-8d4474a e-con-full e-flex e-con e-child\" data-id=\"8d4474a\" data-element_type=\"container\" data-e-type=\"container\">\n\t\t\t\t<\/div>\n\t\t\t\t\t<\/div>\n\t\t\t\t<\/div>\n\t\t\t\t<\/div>\n\t\t","protected":false},"excerpt":{"rendered":"<p>Nous proposons des solutions de transport adapt\u00e9es aux entreprises du commerce, de l&rsquo;administration et des services. Nos prestations incluent : Transport du dernier kilom\u00e8tre Transport r\u00e9gulier ou planifi\u00e9 Livraisons pour professionnels et particuliers Un service flexible pour accompagner votre activit\u00e9 au quotidien.<\/p>\n","protected":false},"author":1,"featured_media":0,"parent":0,"menu_order":0,"comment_status":"closed","ping_status":"closed","template":"","meta":{"ocean_post_layout":"","ocean_both_sidebars_style":"","ocean_both_sidebars_content_width":0,"ocean_both_sidebars_sidebars_width":0,"ocean_sidebar":"","ocean_second_sidebar":"","ocean_disable_margins":"enable","ocean_add_body_class":"","ocean_shortcode_before_top_bar":"","ocean_shortcode_after_top_bar":"","ocean_shortcode_before_header":"","ocean_shortcode_after_header":"","ocean_has_shortcode":"","ocean_shortcode_after_title":"","ocean_shortcode_before_footer_widgets":"","ocean_shortcode_after_footer_widgets":"","ocean_shortcode_before_footer_bottom":"","ocean_shortcode_after_footer_bottom":"","ocean_display_top_bar":"default","ocean_display_header":"default","ocean_header_style":"","ocean_center_header_left_menu":"","ocean_custom_header_template":"","ocean_custom_logo":0,"ocean_custom_retina_logo":0,"ocean_custom_logo_max_width":0,"ocean_custom_logo_tablet_max_width":0,"ocean_custom_logo_mobile_max_width":0,"ocean_custom_logo_max_height":0,"ocean_custom_logo_tablet_max_height":0,"ocean_custom_logo_mobile_max_height":0,"ocean_header_custom_menu":"","ocean_menu_typo_font_family":"","ocean_menu_typo_font_subset":"","ocean_menu_typo_font_size":0,"ocean_menu_typo_font_size_tablet":0,"ocean_menu_typo_font_size_mobile":0,"ocean_menu_typo_font_size_unit":"px","ocean_menu_typo_font_weight":"","ocean_menu_typo_font_weight_tablet":"","ocean_menu_typo_font_weight_mobile":"","ocean_menu_typo_transform":"","ocean_menu_typo_transform_tablet":"","ocean_menu_typo_transform_mobile":"","ocean_menu_typo_line_height":0,"ocean_menu_typo_line_height_tablet":0,"ocean_menu_typo_line_height_mobile":0,"ocean_menu_typo_line_height_unit":"","ocean_menu_typo_spacing":0,"ocean_menu_typo_spacing_tablet":0,"ocean_menu_typo_spacing_mobile":0,"ocean_menu_typo_spacing_unit":"","ocean_menu_link_color":"","ocean_menu_link_color_hover":"","ocean_menu_link_color_active":"","ocean_menu_link_background":"","ocean_menu_link_hover_background":"","ocean_menu_link_active_background":"","ocean_menu_social_links_bg":"","ocean_menu_social_hover_links_bg":"","ocean_menu_social_links_color":"","ocean_menu_social_hover_links_color":"","ocean_disable_title":"default","ocean_disable_heading":"default","ocean_post_title":"","ocean_post_subheading":"","ocean_post_title_style":"","ocean_post_title_background_color":"","ocean_post_title_background":0,"ocean_post_title_bg_image_position":"","ocean_post_title_bg_image_attachment":"","ocean_post_title_bg_image_repeat":"","ocean_post_title_bg_image_size":"","ocean_post_title_height":0,"ocean_post_title_bg_overlay":0.5,"ocean_post_title_bg_overlay_color":"","ocean_disable_breadcrumbs":"default","ocean_breadcrumbs_color":"","ocean_breadcrumbs_separator_color":"","ocean_breadcrumbs_links_color":"","ocean_breadcrumbs_links_hover_color":"","ocean_display_footer_widgets":"default","ocean_display_footer_bottom":"default","ocean_custom_footer_template":"","footnotes":""},"class_list":["post-49","page","type-page","status-publish","hentry","entry"],"yoast_head":"<!-- This site is optimized with the Yoast SEO plugin v27.4 - https:\/\/yoast.com\/product\/yoast-seo-wordpress\/ -->\n<title>Commerce &amp; Tertiaire - Premium transport<\/title>\n<meta name=\"description\" content=\"Am\u00e9liorez votre logistique avec nos solutions de transport pour le Commerce &amp; Tertiaire, adapt\u00e9es \u00e0 tous vos besoins.\" \/>\n<meta name=\"robots\" content=\"index, follow, max-snippet:-1, max-image-preview:large, max-video-preview:-1\" \/>\n<link rel=\"canonical\" href=\"https:\/\/premium-transport.fr\/index.php\/livraison-commerce-tertiaire\/\" \/>\n<meta property=\"og:locale\" content=\"fr_FR\" \/>\n<meta property=\"og:type\" content=\"article\" \/>\n<meta property=\"og:title\" content=\"Commerce &amp; Tertiaire - Premium transport\" \/>\n<meta property=\"og:description\" content=\"Am\u00e9liorez votre logistique avec nos solutions de transport pour le Commerce &amp; Tertiaire, adapt\u00e9es \u00e0 tous vos besoins.\" \/>\n<meta property=\"og:url\" content=\"https:\/\/premium-transport.fr\/index.php\/livraison-commerce-tertiaire\/\" \/>\n<meta property=\"og:site_name\" content=\"Premium-transport\" \/>\n<meta property=\"article:modified_time\" content=\"2026-04-15T19:55:24+00:00\" \/>\n<meta property=\"og:image\" content=\"http:\/\/premium-transport.fr\/wp-content\/uploads\/2026\/04\/f8cd5c27-f31c-487b-8234-61acdb3895e6.png\" \/>\n<meta name=\"twitter:card\" content=\"summary_large_image\" \/>\n<meta name=\"twitter:label1\" content=\"Dur\u00e9e de lecture estim\u00e9e\" \/>\n\t<meta name=\"twitter:data1\" content=\"1 minute\" \/>\n<script type=\"application\/ld+json\" class=\"yoast-schema-graph\">{\"@context\":\"https:\\\/\\\/schema.org\",\"@graph\":[{\"@type\":\"WebPage\",\"@id\":\"https:\\\/\\\/premium-transport.fr\\\/index.php\\\/livraison-commerce-tertiaire\\\/\",\"url\":\"https:\\\/\\\/premium-transport.fr\\\/index.php\\\/livraison-commerce-tertiaire\\\/\",\"name\":\"Commerce & Tertiaire - Premium transport\",\"isPartOf\":{\"@id\":\"https:\\\/\\\/premium-transport.fr\\\/#website\"},\"primaryImageOfPage\":{\"@id\":\"https:\\\/\\\/premium-transport.fr\\\/index.php\\\/livraison-commerce-tertiaire\\\/#primaryimage\"},\"image\":{\"@id\":\"https:\\\/\\\/premium-transport.fr\\\/index.php\\\/livraison-commerce-tertiaire\\\/#primaryimage\"},\"thumbnailUrl\":\"http:\\\/\\\/premium-transport.fr\\\/wp-content\\\/uploads\\\/2026\\\/04\\\/f8cd5c27-f31c-487b-8234-61acdb3895e6.png\",\"datePublished\":\"2026-04-11T11:50:57+00:00\",\"dateModified\":\"2026-04-15T19:55:24+00:00\",\"description\":\"Am\u00e9liorez votre logistique avec nos solutions de transport pour le Commerce & Tertiaire, adapt\u00e9es \u00e0 tous vos besoins.\",\"breadcrumb\":{\"@id\":\"https:\\\/\\\/premium-transport.fr\\\/index.php\\\/livraison-commerce-tertiaire\\\/#breadcrumb\"},\"inLanguage\":\"fr-FR\",\"potentialAction\":[{\"@type\":\"ReadAction\",\"target\":[\"https:\\\/\\\/premium-transport.fr\\\/index.php\\\/livraison-commerce-tertiaire\\\/\"]}]},{\"@type\":\"ImageObject\",\"inLanguage\":\"fr-FR\",\"@id\":\"https:\\\/\\\/premium-transport.fr\\\/index.php\\\/livraison-commerce-tertiaire\\\/#primaryimage\",\"url\":\"http:\\\/\\\/premium-transport.fr\\\/wp-content\\\/uploads\\\/2026\\\/04\\\/f8cd5c27-f31c-487b-8234-61acdb3895e6.png\",\"contentUrl\":\"http:\\\/\\\/premium-transport.fr\\\/wp-content\\\/uploads\\\/2026\\\/04\\\/f8cd5c27-f31c-487b-8234-61acdb3895e6.png\"},{\"@type\":\"BreadcrumbList\",\"@id\":\"https:\\\/\\\/premium-transport.fr\\\/index.php\\\/livraison-commerce-tertiaire\\\/#breadcrumb\",\"itemListElement\":[{\"@type\":\"ListItem\",\"position\":1,\"name\":\"Home\",\"item\":\"https:\\\/\\\/premium-transport.fr\\\/\"},{\"@type\":\"ListItem\",\"position\":2,\"name\":\"Commerce &amp; Tertiaire\"}]},{\"@type\":\"WebSite\",\"@id\":\"https:\\\/\\\/premium-transport.fr\\\/#website\",\"url\":\"https:\\\/\\\/premium-transport.fr\\\/\",\"name\":\"Premium-transport\",\"description\":\"\",\"publisher\":{\"@id\":\"https:\\\/\\\/premium-transport.fr\\\/#organization\"},\"potentialAction\":[{\"@type\":\"SearchAction\",\"target\":{\"@type\":\"EntryPoint\",\"urlTemplate\":\"https:\\\/\\\/premium-transport.fr\\\/?s={search_term_string}\"},\"query-input\":{\"@type\":\"PropertyValueSpecification\",\"valueRequired\":true,\"valueName\":\"search_term_string\"}}],\"inLanguage\":\"fr-FR\"},{\"@type\":\"Organization\",\"@id\":\"https:\\\/\\\/premium-transport.fr\\\/#organization\",\"name\":\"Premium-transport\",\"url\":\"https:\\\/\\\/premium-transport.fr\\\/\",\"logo\":{\"@type\":\"ImageObject\",\"inLanguage\":\"fr-FR\",\"@id\":\"https:\\\/\\\/premium-transport.fr\\\/#\\\/schema\\\/logo\\\/image\\\/\",\"url\":\"https:\\\/\\\/premium-transport.fr\\\/wp-content\\\/uploads\\\/2026\\\/04\\\/LOGO-AZIZ-scaled.png\",\"contentUrl\":\"https:\\\/\\\/premium-transport.fr\\\/wp-content\\\/uploads\\\/2026\\\/04\\\/LOGO-AZIZ-scaled.png\",\"width\":2560,\"height\":951,\"caption\":\"Premium-transport\"},\"image\":{\"@id\":\"https:\\\/\\\/premium-transport.fr\\\/#\\\/schema\\\/logo\\\/image\\\/\"}}]}<\/script>\n<!-- \/ Yoast SEO plugin. -->","yoast_head_json":{"title":"Commerce & Tertiaire - Premium transport","description":"Am\u00e9liorez votre logistique avec nos solutions de transport pour le Commerce & Tertiaire, adapt\u00e9es \u00e0 tous vos besoins.","robots":{"index":"index","follow":"follow","max-snippet":"max-snippet:-1","max-image-preview":"max-image-preview:large","max-video-preview":"max-video-preview:-1"},"canonical":"https:\/\/premium-transport.fr\/index.php\/livraison-commerce-tertiaire\/","og_locale":"fr_FR","og_type":"article","og_title":"Commerce & Tertiaire - Premium transport","og_description":"Am\u00e9liorez votre logistique avec nos solutions de transport pour le Commerce & Tertiaire, adapt\u00e9es \u00e0 tous vos besoins.","og_url":"https:\/\/premium-transport.fr\/index.php\/livraison-commerce-tertiaire\/","og_site_name":"Premium-transport","article_modified_time":"2026-04-15T19:55:24+00:00","og_image":[{"url":"http:\/\/premium-transport.fr\/wp-content\/uploads\/2026\/04\/f8cd5c27-f31c-487b-8234-61acdb3895e6.png","type":"","width":"","height":""}],"twitter_card":"summary_large_image","twitter_misc":{"Dur\u00e9e de lecture estim\u00e9e":"1 minute"},"schema":{"@context":"https:\/\/schema.org","@graph":[{"@type":"WebPage","@id":"https:\/\/premium-transport.fr\/index.php\/livraison-commerce-tertiaire\/","url":"https:\/\/premium-transport.fr\/index.php\/livraison-commerce-tertiaire\/","name":"Commerce & Tertiaire - Premium transport","isPartOf":{"@id":"https:\/\/premium-transport.fr\/#website"},"primaryImageOfPage":{"@id":"https:\/\/premium-transport.fr\/index.php\/livraison-commerce-tertiaire\/#primaryimage"},"image":{"@id":"https:\/\/premium-transport.fr\/index.php\/livraison-commerce-tertiaire\/#primaryimage"},"thumbnailUrl":"http:\/\/premium-transport.fr\/wp-content\/uploads\/2026\/04\/f8cd5c27-f31c-487b-8234-61acdb3895e6.png","datePublished":"2026-04-11T11:50:57+00:00","dateModified":"2026-04-15T19:55:24+00:00","description":"Am\u00e9liorez votre logistique avec nos solutions de transport pour le Commerce & Tertiaire, adapt\u00e9es \u00e0 tous vos besoins.","breadcrumb":{"@id":"https:\/\/premium-transport.fr\/index.php\/livraison-commerce-tertiaire\/#breadcrumb"},"inLanguage":"fr-FR","potentialAction":[{"@type":"ReadAction","target":["https:\/\/premium-transport.fr\/index.php\/livraison-commerce-tertiaire\/"]}]},{"@type":"ImageObject","inLanguage":"fr-FR","@id":"https:\/\/premium-transport.fr\/index.php\/livraison-commerce-tertiaire\/#primaryimage","url":"http:\/\/premium-transport.fr\/wp-content\/uploads\/2026\/04\/f8cd5c27-f31c-487b-8234-61acdb3895e6.png","contentUrl":"http:\/\/premium-transport.fr\/wp-content\/uploads\/2026\/04\/f8cd5c27-f31c-487b-8234-61acdb3895e6.png"},{"@type":"BreadcrumbList","@id":"https:\/\/premium-transport.fr\/index.php\/livraison-commerce-tertiaire\/#breadcrumb","itemListElement":[{"@type":"ListItem","position":1,"name":"Home","item":"https:\/\/premium-transport.fr\/"},{"@type":"ListItem","position":2,"name":"Commerce &amp; Tertiaire"}]},{"@type":"WebSite","@id":"https:\/\/premium-transport.fr\/#website","url":"https:\/\/premium-transport.fr\/","name":"Premium-transport","description":"","publisher":{"@id":"https:\/\/premium-transport.fr\/#organization"},"potentialAction":[{"@type":"SearchAction","target":{"@type":"EntryPoint","urlTemplate":"https:\/\/premium-transport.fr\/?s={search_term_string}"},"query-input":{"@type":"PropertyValueSpecification","valueRequired":true,"valueName":"search_term_string"}}],"inLanguage":"fr-FR"},{"@type":"Organization","@id":"https:\/\/premium-transport.fr\/#organization","name":"Premium-transport","url":"https:\/\/premium-transport.fr\/","logo":{"@type":"ImageObject","inLanguage":"fr-FR","@id":"https:\/\/premium-transport.fr\/#\/schema\/logo\/image\/","url":"https:\/\/premium-transport.fr\/wp-content\/uploads\/2026\/04\/LOGO-AZIZ-scaled.png","contentUrl":"https:\/\/premium-transport.fr\/wp-content\/uploads\/2026\/04\/LOGO-AZIZ-scaled.png","width":2560,"height":951,"caption":"Premium-transport"},"image":{"@id":"https:\/\/premium-transport.fr\/#\/schema\/logo\/image\/"}}]}},"_links":{"self":[{"href":"https:\/\/premium-transport.fr\/index.php\/wp-json\/wp\/v2\/pages\/49","targetHints":{"allow":["GET"]}}],"collection":[{"href":"https:\/\/premium-transport.fr\/index.php\/wp-json\/wp\/v2\/pages"}],"about":[{"href":"https:\/\/premium-transport.fr\/index.php\/wp-json\/wp\/v2\/types\/page"}],"author":[{"embeddable":true,"href":"https:\/\/premium-transport.fr\/index.php\/wp-json\/wp\/v2\/users\/1"}],"replies":[{"embeddable":true,"href":"https:\/\/premium-transport.fr\/index.php\/wp-json\/wp\/v2\/comments?post=49"}],"version-history":[{"count":11,"href":"https:\/\/premium-transport.fr\/index.php\/wp-json\/wp\/v2\/pages\/49\/revisions"}],"predecessor-version":[{"id":383,"href":"https:\/\/premium-transport.fr\/index.php\/wp-json\/wp\/v2\/pages\/49\/revisions\/383"}],"wp:attachment":[{"href":"https:\/\/premium-transport.fr\/index.php\/wp-json\/wp\/v2\/media?parent=49"}],"curies":[{"name":"wp","href":"https:\/\/api.w.org\/{rel}","templated":true}]}}