{"id":39,"date":"2026-04-11T11:44:03","date_gmt":"2026-04-11T11:44:03","guid":{"rendered":"https:\/\/premium-transport.fr\/?page_id=39"},"modified":"2026-04-15T22:35:20","modified_gmt":"2026-04-15T20:35:20","slug":"devis","status":"publish","type":"page","link":"https:\/\/premium-transport.fr\/index.php\/devis\/","title":{"rendered":"Devis"},"content":{"rendered":"\t\t<div data-elementor-type=\"wp-page\" data-elementor-id=\"39\" class=\"elementor elementor-39\">\n\t\t\t\t<div class=\"elementor-element elementor-element-5890972 e-con-full e-flex e-con e-parent\" data-id=\"5890972\" data-element_type=\"container\" data-e-type=\"container\">\n\t\t<div class=\"elementor-element elementor-element-e6b7b0d e-con-full e-flex e-con e-child\" data-id=\"e6b7b0d\" data-element_type=\"container\" data-e-type=\"container\">\n\t\t\t\t<div class=\"elementor-element elementor-element-63bfeee elementor-widget elementor-widget-text-editor\" data-id=\"63bfeee\" data-element_type=\"widget\" data-e-type=\"widget\" data-widget_type=\"text-editor.default\">\n\t\t\t\t\t\t\t\t\t<p data-start=\"76\" data-end=\"252\"><span style=\"color: #00587d;\"><strong>Besoin d\u2019un service de livraison rapide et fiable ?<\/strong><\/span><\/p><p data-start=\"76\" data-end=\"252\">Contactez-nous d\u00e8s maintenant par mail ou via notre formulaire en ligne pour obtenir une solution adapt\u00e9e \u00e0 vos besoins.<\/p><p data-start=\"254\" data-end=\"555\">Notre \u00e9quipe vous r\u00e9pond dans les plus brefs d\u00e9lais avec une proposition personnalis\u00e9e, con\u00e7ue pour optimiser vos op\u00e9rations de transport et de logistique. Que ce soit pour une demande urgente ou un besoin r\u00e9gulier, nous mettons tout en \u0153uvre pour vous apporter une r\u00e9ponse claire, rapide et efficace.<\/p><p data-start=\"557\" data-end=\"709\">Faites confiance \u00e0 notre expertise en transport et livraison professionnelle pour b\u00e9n\u00e9ficier d\u2019un accompagnement sur mesure et d\u2019un service r\u00e9actif.<\/p>\t\t\t\t\t\t\t\t<\/div>\n\t\t\t\t<\/div>\n\t\t<div class=\"elementor-element elementor-element-1bdc472 e-con-full e-flex e-con e-child\" data-id=\"1bdc472\" data-element_type=\"container\" data-e-type=\"container\">\n\t\t\t\t<div class=\"elementor-element elementor-element-290a4d7 elementor-widget elementor-widget-formidable\" data-id=\"290a4d7\" data-element_type=\"widget\" data-e-type=\"widget\" data-widget_type=\"formidable.default\">\n\t\t\t\t<div class=\"elementor-widget-container\">\n\t\t\t\t\t<div class=\"frm_forms  with_frm_style frm_style_formidable-style\" id=\"frm_form_2_container\" data-token=\"60bbda1c4ad8e2151b7b78b9ab328038\">\n<form enctype=\"multipart\/form-data\" method=\"post\" class=\"frm-show-form \" id=\"form_wxhy6\" data-token=\"60bbda1c4ad8e2151b7b78b9ab328038\">\n<div class=\"frm_form_fields \">\n<fieldset>\n<legend class=\"frm_screen_reader\">Contact<\/legend>\r\n\r\n<div class=\"frm_fields_container\">\n<input type=\"hidden\" name=\"frm_action\" value=\"create\" \/>\n<input type=\"hidden\" name=\"form_id\" value=\"2\" \/>\n<input type=\"hidden\" name=\"frm_hide_fields_2\" id=\"frm_hide_fields_2\" value=\"\" \/>\n<input type=\"hidden\" name=\"form_key\" value=\"wxhy6\" \/>\n<input type=\"hidden\" name=\"item_meta[0]\" value=\"\" \/>\n<input type=\"hidden\" id=\"frm_submit_entry_2\" name=\"frm_submit_entry_2\" value=\"2779678f9d\" \/><input type=\"hidden\" name=\"_wp_http_referer\" value=\"\/index.php\/wp-json\/wp\/v2\/pages\/39\" \/><div id=\"frm_field_8_container\" class=\"frm_form_field form-field  frm_top_container frm12 frm_first\">\r\n\t<label for=\"field_tjj8l\" id=\"field_tjj8l_label\" class=\"frm_primary_label\">Nom de l'entreprise\r\n\t\t<span class=\"frm_required\" aria-hidden=\"true\"><\/span>\r\n\t<\/label>\r\n\t<input type=\"text\" id=\"field_tjj8l\" name=\"item_meta[8]\" value=\"\"  data-invmsg=\"Nom de l&#039;entreprise is invalid\" aria-invalid=\"false\"  \/>\r\n\t\r\n\t\r\n<\/div>\n<div id=\"frm_field_15_container\" class=\"frm_form_field form-field  frm_required_field frm_top_container frm6 frm_first\">\r\n\t<label for=\"field_mu3e4\" id=\"field_mu3e4_label\" class=\"frm_primary_label\">Nom\r\n\t\t<span class=\"frm_required\" aria-hidden=\"true\">*<\/span>\r\n\t<\/label>\r\n\t<input type=\"text\" id=\"field_mu3e4\" name=\"item_meta[15]\" value=\"\"  data-reqmsg=\"Nom cannot be blank.\" aria-required=\"true\" data-invmsg=\"Nom is invalid\" aria-invalid=\"false\"  \/>\r\n\t\r\n\t\r\n<\/div>\n<div id=\"frm_field_11_container\" class=\"frm_form_field form-field  frm_required_field frm_top_container frm6\">\r\n\t<label for=\"field_se2oz\" id=\"field_se2oz_label\" class=\"frm_primary_label\">Email\r\n\t\t<span class=\"frm_required\" aria-hidden=\"true\">*<\/span>\r\n\t<\/label>\r\n\t<input type=\"email\" id=\"field_se2oz\" name=\"item_meta[11]\" value=\"\"  data-reqmsg=\"Email cannot be blank.\" aria-required=\"true\" data-invmsg=\"Email is invalid\" aria-invalid=\"false\"  \/>\r\n\t\r\n\t\r\n<\/div>\n<div id=\"frm_field_12_container\" class=\"frm_form_field form-field  frm_required_field frm_top_container frm6 frm_first\">\r\n\t<label for=\"field_z1scp\" id=\"field_z1scp_label\" class=\"frm_primary_label\">T\u00e9l\u00e9phone\r\n\t\t<span class=\"frm_required\" aria-hidden=\"true\">*<\/span>\r\n\t<\/label>\r\n\t<input type=\"tel\" id=\"field_z1scp\" name=\"item_meta[12]\" value=\"\"  data-reqmsg=\"T\u00e9l\u00e9phone cannot be blank.\" aria-required=\"true\" data-invmsg=\"T\u00e9l\u00e9phone is invalid\" aria-invalid=\"false\" pattern=\"((\\+\\d{1,3}(-|.| )?\\(?\\d\\)?(-| |.)?\\d{1,5})|(\\(?\\d{2,6}\\)?))(-|.| )?(\\d{3,4})(-|.| )?(\\d{4})(( x| ext)\\d{1,5}){0,1}$\"  \/>\r\n\t\r\n\t\r\n<\/div>\n<div id=\"frm_field_16_container\" class=\"frm_form_field form-field  frm_required_field frm_top_container frm6\">\r\n\t<label for=\"field_po2t3\" id=\"field_po2t3_label\" class=\"frm_primary_label\">Localisation\r\n\t\t<span class=\"frm_required\" aria-hidden=\"true\">*<\/span>\r\n\t<\/label>\r\n\t<input type=\"text\" id=\"field_po2t3\" name=\"item_meta[16]\" value=\"\"  data-reqmsg=\"Localisation cannot be blank.\" aria-required=\"true\" data-invmsg=\"Localisation is invalid\" aria-invalid=\"false\"  \/>\r\n\t\r\n\t\r\n<\/div>\n<div id=\"frm_field_13_container\" class=\"frm_form_field form-field  frm_top_container frm6 frm_first\">\r\n\t<label for=\"field_iyfbc\" id=\"field_iyfbc_label\" class=\"frm_primary_label\">Secteur d'activit\u00e9\r\n\t\t<span class=\"frm_required\" aria-hidden=\"true\"><\/span>\r\n\t<\/label>\r\n\t<input type=\"text\" id=\"field_iyfbc\" name=\"item_meta[13]\" value=\"\"  data-invmsg=\"Secteur d&#039;activit\u00e9 is invalid\" aria-invalid=\"false\"  \/>\r\n\t\r\n\t\r\n<\/div>\n<div id=\"frm_field_17_container\" class=\"frm_form_field form-field  frm_required_field frm_top_container frm6\">\r\n\t<label for=\"field_ubspb\" id=\"field_ubspb_label\" class=\"frm_primary_label\">Type de transport\r\n\t\t<span class=\"frm_required\" aria-hidden=\"true\">*<\/span>\r\n\t<\/label>\r\n\t\t\t<select name=\"item_meta[17]\" id=\"field_ubspb\"  data-reqmsg=\"Type de transport cannot be blank.\" aria-required=\"true\" data-invmsg=\"Type de transport is invalid\" aria-invalid=\"false\"  >\n\t\t<option  value=\"\" selected='selected'> <\/option><option  value=\"E-commerce\">E-commerce<\/option><option  value=\"Industrie\">Industrie<\/option><option  value=\"Commerce &amp; tertiaire\">Commerce &amp; tertiaire<\/option><option  value=\"Autre\">Autre<\/option>\t<\/select>\n\t\r\n\t\r\n\t\r\n<\/div>\n<div id=\"frm_field_18_container\" class=\"frm_form_field form-field  frm_top_container\">\r\n\t<label for=\"field_s9mvc\" id=\"field_s9mvc_label\" class=\"frm_primary_label\">Autres demandes\r\n\t\t<span class=\"frm_required\" aria-hidden=\"true\"><\/span>\r\n\t<\/label>\r\n\t<input type=\"text\" id=\"field_s9mvc\" name=\"item_meta[18]\" value=\"\"  placeholder=\"Veuillez indiquer votre demande\" data-invmsg=\"Autres demandes is invalid\" aria-invalid=\"false\"  \/>\r\n\t\r\n\t\r\n<\/div>\n<div id=\"frm_field_6_container\" class=\"frm_form_field form-field  frm12 frm_first\">\r\n\t<div class=\"frm_submit frm_flex\">\r\n<button class=\"frm_button_submit\" type=\"submit\"  >Soumettre<\/button>\r\n\r\n\r\n\r\n<\/div>\r\n<\/div>\n\t<input type=\"hidden\" name=\"item_key\" value=\"\" \/>\n\t\t\t<div id=\"frm_field_19_container\">\n\t\t\t<label for=\"field_hu5ye\" >\n\t\t\t\tSi vous \u00eates un humain, ne remplissez pas ce champ.\t\t\t<\/label>\n\t\t\t<input  id=\"field_hu5ye\" type=\"text\" class=\"frm_form_field form-field frm_verify\" name=\"item_meta[19]\" value=\"\"  \/>\n\t\t<\/div>\n\t\t<input name=\"frm_state\" type=\"hidden\" value=\"RmtaXMvEorR\/8XnK5gsE6vB60IzjSCK+svLnF\/u4GhQ=\" \/><\/div>\n<\/fieldset>\n<\/div>\n\n<\/form>\n<\/div>\n\t\t\t\t<\/div>\n\t\t\t\t<\/div>\n\t\t\t\t<\/div>\n\t\t\t\t<\/div>\n\t\t\t\t<\/div>\n\t\t","protected":false},"excerpt":{"rendered":"<p>Besoin d\u2019un service de livraison rapide et fiable ? Contactez-nous d\u00e8s maintenant par mail ou via notre formulaire en ligne pour obtenir une solution adapt\u00e9e \u00e0 vos besoins. Notre \u00e9quipe vous r\u00e9pond dans les plus brefs d\u00e9lais avec une proposition personnalis\u00e9e, con\u00e7ue pour optimiser vos op\u00e9rations de transport et de logistique. Que ce soit pour [&hellip;]<\/p>\n","protected":false},"author":1,"featured_media":0,"parent":0,"menu_order":0,"comment_status":"closed","ping_status":"closed","template":"","meta":{"ocean_post_layout":"","ocean_both_sidebars_style":"","ocean_both_sidebars_content_width":0,"ocean_both_sidebars_sidebars_width":0,"ocean_sidebar":"","ocean_second_sidebar":"","ocean_disable_margins":"enable","ocean_add_body_class":"","ocean_shortcode_before_top_bar":"","ocean_shortcode_after_top_bar":"","ocean_shortcode_before_header":"","ocean_shortcode_after_header":"","ocean_has_shortcode":"","ocean_shortcode_after_title":"","ocean_shortcode_before_footer_widgets":"","ocean_shortcode_after_footer_widgets":"","ocean_shortcode_before_footer_bottom":"","ocean_shortcode_after_footer_bottom":"","ocean_display_top_bar":"default","ocean_display_header":"default","ocean_header_style":"","ocean_center_header_left_menu":"","ocean_custom_header_template":"","ocean_custom_logo":0,"ocean_custom_retina_logo":0,"ocean_custom_logo_max_width":0,"ocean_custom_logo_tablet_max_width":0,"ocean_custom_logo_mobile_max_width":0,"ocean_custom_logo_max_height":0,"ocean_custom_logo_tablet_max_height":0,"ocean_custom_logo_mobile_max_height":0,"ocean_header_custom_menu":"","ocean_menu_typo_font_family":"","ocean_menu_typo_font_subset":"","ocean_menu_typo_font_size":0,"ocean_menu_typo_font_size_tablet":0,"ocean_menu_typo_font_size_mobile":0,"ocean_menu_typo_font_size_unit":"px","ocean_menu_typo_font_weight":"","ocean_menu_typo_font_weight_tablet":"","ocean_menu_typo_font_weight_mobile":"","ocean_menu_typo_transform":"","ocean_menu_typo_transform_tablet":"","ocean_menu_typo_transform_mobile":"","ocean_menu_typo_line_height":0,"ocean_menu_typo_line_height_tablet":0,"ocean_menu_typo_line_height_mobile":0,"ocean_menu_typo_line_height_unit":"","ocean_menu_typo_spacing":0,"ocean_menu_typo_spacing_tablet":0,"ocean_menu_typo_spacing_mobile":0,"ocean_menu_typo_spacing_unit":"","ocean_menu_link_color":"","ocean_menu_link_color_hover":"","ocean_menu_link_color_active":"","ocean_menu_link_background":"","ocean_menu_link_hover_background":"","ocean_menu_link_active_background":"","ocean_menu_social_links_bg":"","ocean_menu_social_hover_links_bg":"","ocean_menu_social_links_color":"","ocean_menu_social_hover_links_color":"","ocean_disable_title":"default","ocean_disable_heading":"default","ocean_post_title":"","ocean_post_subheading":"","ocean_post_title_style":"","ocean_post_title_background_color":"","ocean_post_title_background":0,"ocean_post_title_bg_image_position":"","ocean_post_title_bg_image_attachment":"","ocean_post_title_bg_image_repeat":"","ocean_post_title_bg_image_size":"","ocean_post_title_height":0,"ocean_post_title_bg_overlay":0.5,"ocean_post_title_bg_overlay_color":"","ocean_disable_breadcrumbs":"default","ocean_breadcrumbs_color":"","ocean_breadcrumbs_separator_color":"","ocean_breadcrumbs_links_color":"","ocean_breadcrumbs_links_hover_color":"","ocean_display_footer_widgets":"default","ocean_display_footer_bottom":"default","ocean_custom_footer_template":"","footnotes":""},"class_list":["post-39","page","type-page","status-publish","hentry","entry"],"yoast_head":"<!-- This site is optimized with the Yoast SEO plugin v27.4 - https:\/\/yoast.com\/product\/yoast-seo-wordpress\/ -->\n<title>Devis - Premium-transport<\/title>\n<meta name=\"description\" content=\"Besoin d\u2019une livraison rapide ? Contactez-nous d\u00e8s maintenant pour une solution de transport fiable et adapt\u00e9e \u00e0 vos besoins professionnels.\" \/>\n<meta name=\"robots\" content=\"index, follow, max-snippet:-1, max-image-preview:large, max-video-preview:-1\" \/>\n<link rel=\"canonical\" href=\"http:\/\/premium-transport.fr\/index.php\/devis\/\" \/>\n<meta property=\"og:locale\" content=\"fr_FR\" \/>\n<meta property=\"og:type\" content=\"article\" \/>\n<meta property=\"og:title\" content=\"Devis - Premium-transport\" \/>\n<meta property=\"og:description\" content=\"Besoin d\u2019une livraison rapide ? Contactez-nous d\u00e8s maintenant pour une solution de transport fiable et adapt\u00e9e \u00e0 vos besoins professionnels.\" \/>\n<meta property=\"og:url\" content=\"http:\/\/premium-transport.fr\/index.php\/devis\/\" \/>\n<meta property=\"og:site_name\" content=\"Premium-transport\" \/>\n<meta property=\"article:modified_time\" content=\"2026-04-15T20:35:20+00:00\" \/>\n<meta name=\"twitter:card\" content=\"summary_large_image\" \/>\n<meta name=\"twitter:label1\" content=\"Dur\u00e9e de lecture estim\u00e9e\" \/>\n\t<meta name=\"twitter:data1\" content=\"1 minute\" \/>\n<script type=\"application\/ld+json\" class=\"yoast-schema-graph\">{\"@context\":\"https:\\\/\\\/schema.org\",\"@graph\":[{\"@type\":\"WebPage\",\"@id\":\"http:\\\/\\\/premium-transport.fr\\\/index.php\\\/devis\\\/\",\"url\":\"http:\\\/\\\/premium-transport.fr\\\/index.php\\\/devis\\\/\",\"name\":\"Devis - Premium-transport\",\"isPartOf\":{\"@id\":\"https:\\\/\\\/premium-transport.fr\\\/#website\"},\"datePublished\":\"2026-04-11T11:44:03+00:00\",\"dateModified\":\"2026-04-15T20:35:20+00:00\",\"description\":\"Besoin d\u2019une livraison rapide ? Contactez-nous d\u00e8s maintenant pour une solution de transport fiable et adapt\u00e9e \u00e0 vos besoins professionnels.\",\"breadcrumb\":{\"@id\":\"http:\\\/\\\/premium-transport.fr\\\/index.php\\\/devis\\\/#breadcrumb\"},\"inLanguage\":\"fr-FR\",\"potentialAction\":[{\"@type\":\"ReadAction\",\"target\":[\"http:\\\/\\\/premium-transport.fr\\\/index.php\\\/devis\\\/\"]}]},{\"@type\":\"BreadcrumbList\",\"@id\":\"http:\\\/\\\/premium-transport.fr\\\/index.php\\\/devis\\\/#breadcrumb\",\"itemListElement\":[{\"@type\":\"ListItem\",\"position\":1,\"name\":\"Home\",\"item\":\"https:\\\/\\\/premium-transport.fr\\\/\"},{\"@type\":\"ListItem\",\"position\":2,\"name\":\"Devis\"}]},{\"@type\":\"WebSite\",\"@id\":\"https:\\\/\\\/premium-transport.fr\\\/#website\",\"url\":\"https:\\\/\\\/premium-transport.fr\\\/\",\"name\":\"Premium-transport\",\"description\":\"\",\"publisher\":{\"@id\":\"https:\\\/\\\/premium-transport.fr\\\/#organization\"},\"potentialAction\":[{\"@type\":\"SearchAction\",\"target\":{\"@type\":\"EntryPoint\",\"urlTemplate\":\"https:\\\/\\\/premium-transport.fr\\\/?s={search_term_string}\"},\"query-input\":{\"@type\":\"PropertyValueSpecification\",\"valueRequired\":true,\"valueName\":\"search_term_string\"}}],\"inLanguage\":\"fr-FR\"},{\"@type\":\"Organization\",\"@id\":\"https:\\\/\\\/premium-transport.fr\\\/#organization\",\"name\":\"Premium-transport\",\"url\":\"https:\\\/\\\/premium-transport.fr\\\/\",\"logo\":{\"@type\":\"ImageObject\",\"inLanguage\":\"fr-FR\",\"@id\":\"https:\\\/\\\/premium-transport.fr\\\/#\\\/schema\\\/logo\\\/image\\\/\",\"url\":\"https:\\\/\\\/premium-transport.fr\\\/wp-content\\\/uploads\\\/2026\\\/04\\\/LOGO-AZIZ-scaled.png\",\"contentUrl\":\"https:\\\/\\\/premium-transport.fr\\\/wp-content\\\/uploads\\\/2026\\\/04\\\/LOGO-AZIZ-scaled.png\",\"width\":2560,\"height\":951,\"caption\":\"Premium-transport\"},\"image\":{\"@id\":\"https:\\\/\\\/premium-transport.fr\\\/#\\\/schema\\\/logo\\\/image\\\/\"}}]}<\/script>\n<!-- \/ Yoast SEO plugin. -->","yoast_head_json":{"title":"Devis - Premium-transport","description":"Besoin d\u2019une livraison rapide ? Contactez-nous d\u00e8s maintenant pour une solution de transport fiable et adapt\u00e9e \u00e0 vos besoins professionnels.","robots":{"index":"index","follow":"follow","max-snippet":"max-snippet:-1","max-image-preview":"max-image-preview:large","max-video-preview":"max-video-preview:-1"},"canonical":"http:\/\/premium-transport.fr\/index.php\/devis\/","og_locale":"fr_FR","og_type":"article","og_title":"Devis - Premium-transport","og_description":"Besoin d\u2019une livraison rapide ? Contactez-nous d\u00e8s maintenant pour une solution de transport fiable et adapt\u00e9e \u00e0 vos besoins professionnels.","og_url":"http:\/\/premium-transport.fr\/index.php\/devis\/","og_site_name":"Premium-transport","article_modified_time":"2026-04-15T20:35:20+00:00","twitter_card":"summary_large_image","twitter_misc":{"Dur\u00e9e de lecture estim\u00e9e":"1 minute"},"schema":{"@context":"https:\/\/schema.org","@graph":[{"@type":"WebPage","@id":"http:\/\/premium-transport.fr\/index.php\/devis\/","url":"http:\/\/premium-transport.fr\/index.php\/devis\/","name":"Devis - Premium-transport","isPartOf":{"@id":"https:\/\/premium-transport.fr\/#website"},"datePublished":"2026-04-11T11:44:03+00:00","dateModified":"2026-04-15T20:35:20+00:00","description":"Besoin d\u2019une livraison rapide ? Contactez-nous d\u00e8s maintenant pour une solution de transport fiable et adapt\u00e9e \u00e0 vos besoins professionnels.","breadcrumb":{"@id":"http:\/\/premium-transport.fr\/index.php\/devis\/#breadcrumb"},"inLanguage":"fr-FR","potentialAction":[{"@type":"ReadAction","target":["http:\/\/premium-transport.fr\/index.php\/devis\/"]}]},{"@type":"BreadcrumbList","@id":"http:\/\/premium-transport.fr\/index.php\/devis\/#breadcrumb","itemListElement":[{"@type":"ListItem","position":1,"name":"Home","item":"https:\/\/premium-transport.fr\/"},{"@type":"ListItem","position":2,"name":"Devis"}]},{"@type":"WebSite","@id":"https:\/\/premium-transport.fr\/#website","url":"https:\/\/premium-transport.fr\/","name":"Premium-transport","description":"","publisher":{"@id":"https:\/\/premium-transport.fr\/#organization"},"potentialAction":[{"@type":"SearchAction","target":{"@type":"EntryPoint","urlTemplate":"https:\/\/premium-transport.fr\/?s={search_term_string}"},"query-input":{"@type":"PropertyValueSpecification","valueRequired":true,"valueName":"search_term_string"}}],"inLanguage":"fr-FR"},{"@type":"Organization","@id":"https:\/\/premium-transport.fr\/#organization","name":"Premium-transport","url":"https:\/\/premium-transport.fr\/","logo":{"@type":"ImageObject","inLanguage":"fr-FR","@id":"https:\/\/premium-transport.fr\/#\/schema\/logo\/image\/","url":"https:\/\/premium-transport.fr\/wp-content\/uploads\/2026\/04\/LOGO-AZIZ-scaled.png","contentUrl":"https:\/\/premium-transport.fr\/wp-content\/uploads\/2026\/04\/LOGO-AZIZ-scaled.png","width":2560,"height":951,"caption":"Premium-transport"},"image":{"@id":"https:\/\/premium-transport.fr\/#\/schema\/logo\/image\/"}}]}},"_links":{"self":[{"href":"https:\/\/premium-transport.fr\/index.php\/wp-json\/wp\/v2\/pages\/39","targetHints":{"allow":["GET"]}}],"collection":[{"href":"https:\/\/premium-transport.fr\/index.php\/wp-json\/wp\/v2\/pages"}],"about":[{"href":"https:\/\/premium-transport.fr\/index.php\/wp-json\/wp\/v2\/types\/page"}],"author":[{"embeddable":true,"href":"https:\/\/premium-transport.fr\/index.php\/wp-json\/wp\/v2\/users\/1"}],"replies":[{"embeddable":true,"href":"https:\/\/premium-transport.fr\/index.php\/wp-json\/wp\/v2\/comments?post=39"}],"version-history":[{"count":19,"href":"https:\/\/premium-transport.fr\/index.php\/wp-json\/wp\/v2\/pages\/39\/revisions"}],"predecessor-version":[{"id":404,"href":"https:\/\/premium-transport.fr\/index.php\/wp-json\/wp\/v2\/pages\/39\/revisions\/404"}],"wp:attachment":[{"href":"https:\/\/premium-transport.fr\/index.php\/wp-json\/wp\/v2\/media?parent=39"}],"curies":[{"name":"wp","href":"https:\/\/api.w.org\/{rel}","templated":true}]}}